{"id":37,"date":"2017-09-16T23:11:40","date_gmt":"2017-09-16T23:11:40","guid":{"rendered":"http:\/\/compunanny.de\/?page_id=37"},"modified":"2020-01-02T11:36:59","modified_gmt":"2020-01-02T11:36:59","slug":"pay-what-you-want","status":"publish","type":"page","link":"https:\/\/www.compunanny.de\/?page_id=37","title":{"rendered":"Pay What You Want"},"content":{"rendered":"<p align=\"JUSTIFY\"><span style=\"font-family: Arial,sans-serif;\"><span style=\"font-size: large;\">Das Konzept Pay What You Want gibt Kundinnen und Kunden die M\u00f6glichkeit, selbst zu entscheiden, ob sie mit einem Produkt oder einer Dienstleistung zufrieden sind. Ich finde diesen Ansatz unterst\u00fctzenswert, weil er auf Vertrauen und Transparenz beruht und zwischen Kunden und Anbieter ein entspanntes Verh\u00e4ltnis schafft.<\/span><\/span><\/p>\n<p align=\"JUSTIFY\"><span style=\"font-family: Arial,sans-serif;\"><span style=\"font-size: large;\">Dazu halte ich es in Gesellschaften f\u00fcr wichtig, dass Dienstleistungen gegebenenfalls auch f\u00fcr Menschen mit weniger Geld zug\u00e4nglich sein sollten.<br \/>\n<\/span><\/span><\/p>\n<p align=\"JUSTIFY\"><span style=\"font-family: Arial,sans-serif;\"><span style=\"font-size: large;\">Sehr gerne mache ich Ihnen nach Abschluss der Reparatur\/der Beratung einen passenden <strong>Preisvorschlag<\/strong>.<\/span><\/span><\/p>\n<p align=\"JUSTIFY\"><span style=\"font-family: Arial, sans-serif;\"><span style=\"font-size: large;\">Sie erhalten nach Abschluss eine ganz normale, steuerlich absetzbare Rechnung.<\/span><\/span><\/p>\n","protected":false},"excerpt":{"rendered":"<p>Das Konzept Pay What You Want gibt Kundinnen und Kunden die M\u00f6glichkeit, selbst zu entscheiden, ob sie mit einem Produkt oder einer Dienstleistung zufrieden sind. Ich finde diesen Ansatz unterst\u00fctzenswert, weil er auf Vertrauen und Transparenz beruht und zwischen Kunden und Anbieter ein entspanntes Verh\u00e4ltnis schafft. Dazu halte ich es in Gesellschaften f\u00fcr wichtig, dass<\/p>\n<div class=\"readmore\"><a class=\"btn slider-btn1\" href=\"https:\/\/www.compunanny.de\/?page_id=37\">Read More&#8230;<\/a><\/div>\n","protected":false},"author":1,"featured_media":0,"parent":0,"menu_order":0,"comment_status":"closed","ping_status":"closed","template":"","meta":{"footnotes":""},"class_list":["post-37","page","type-page","status-publish","hentry"],"_links":{"self":[{"href":"https:\/\/www.compunanny.de\/index.php?rest_route=\/wp\/v2\/pages\/37","targetHints":{"allow":["GET"]}}],"collection":[{"href":"https:\/\/www.compunanny.de\/index.php?rest_route=\/wp\/v2\/pages"}],"about":[{"href":"https:\/\/www.compunanny.de\/index.php?rest_route=\/wp\/v2\/types\/page"}],"author":[{"embeddable":true,"href":"https:\/\/www.compunanny.de\/index.php?rest_route=\/wp\/v2\/users\/1"}],"replies":[{"embeddable":true,"href":"https:\/\/www.compunanny.de\/index.php?rest_route=%2Fwp%2Fv2%2Fcomments&post=37"}],"version-history":[{"count":18,"href":"https:\/\/www.compunanny.de\/index.php?rest_route=\/wp\/v2\/pages\/37\/revisions"}],"predecessor-version":[{"id":183,"href":"https:\/\/www.compunanny.de\/index.php?rest_route=\/wp\/v2\/pages\/37\/revisions\/183"}],"wp:attachment":[{"href":"https:\/\/www.compunanny.de\/index.php?rest_route=%2Fwp%2Fv2%2Fmedia&parent=37"}],"curies":[{"name":"wp","href":"https:\/\/api.w.org\/{rel}","templated":true}]}}