{"id":2,"date":"2016-05-10T03:48:21","date_gmt":"2016-05-10T03:48:21","guid":{"rendered":"http:\/\/compunanny.de\/?page_id=2"},"modified":"2025-11-17T10:56:34","modified_gmt":"2025-11-17T10:56:34","slug":"sample-page","status":"publish","type":"page","link":"https:\/\/www.compunanny.de\/","title":{"rendered":""},"content":{"rendered":"<h2 style=\"text-align: center;\"><strong>\u00a0Compunanny Computerservice | PC &amp; MAC Reparatur | 0176\/99500029<\/strong><\/h2>\n<p>&nbsp;<\/p>\n<p>&nbsp;<\/p>\n<h2 style=\"text-align: center;\">Pay What You Want &#8211; Fair und transparent.<\/h2>\n<p align=\"JUSTIFY\">\n<p class=\"western\" align=\"JUSTIFY\"><span style=\"font-size: large;\"><span style=\"font-family: Arial,sans-serif;\">Compunanny bietet Ihnen einen fairen und kompetenten Computernotdienst direkt vor Ort f\u00fcr alle Arten von Hardware- und Softwareproblemen. Dies umfasst die Fehleranalyse, Entfernung von Viren, Nervmeldungen, Werbung und Schadsoftware, die Optimierung und Reparatur privater oder beruflicher PCs, MACs und Notebooks sowie Hilfestellungen und die Beratung von Anwender\/innen. Sollten Sie auf einen neuen Computer &#8222;umziehen&#8220; wollen oder ein nicht mehr startendes Ger\u00e4t besitzen, \u00fcbernehme ich ggf. auch den Transfer bzw. die Rettung Ihrer Daten.<\/span><\/span><\/p>\n<p>&nbsp;<\/p>\n<p class=\"western\" align=\"JUSTIFY\"><span style=\"font-size: large;\"><span style=\"font-family: Arial,sans-serif;\">Ich passe mich Ihrem individuellen Erfahrungslevel an und erkl\u00e4re Ihnen verst\u00e4ndlich was ich tue und wo m\u00f6gliche Fehler liegen und beantworte Ihnen gerne wirklich ALLE Fragen. Meine Empfehlungen orientieren sich dabei immer daran, was f\u00fcr Ihre Interessen das Sinnvollste ist. Auf Wunsch \u00fcbernehme ich die Konfiguration Ihres Netzwerkes und die Einrichtung und Verbindung aller angeschlossenen Ger\u00e4te (Drucker, Cloud, Smart-TV, Datenspeicher etc) oder die Verbindung vom Computer zu mobilen Ger\u00e4ten wie Tablets und Smartphones.<\/span><\/span><\/p>\n","protected":false},"excerpt":{"rendered":"<p>\u00a0Compunanny Computerservice | PC &amp; MAC Reparatur | 0176\/99500029 &nbsp; &nbsp; Pay What You Want &#8211; Fair und transparent. Compunanny bietet Ihnen einen fairen und kompetenten Computernotdienst direkt vor Ort f\u00fcr alle Arten von Hardware- und Softwareproblemen. Dies umfasst die Fehleranalyse, Entfernung von Viren, Nervmeldungen, Werbung und Schadsoftware, die Optimierung und Reparatur privater oder beruflicher<\/p>\n<div class=\"readmore\"><a class=\"btn slider-btn1\" href=\"https:\/\/www.compunanny.de\/\">Read More&#8230;<\/a><\/div>\n","protected":false},"author":1,"featured_media":0,"parent":0,"menu_order":0,"comment_status":"closed","ping_status":"open","template":"","meta":{"footnotes":""},"class_list":["post-2","page","type-page","status-publish","hentry"],"_links":{"self":[{"href":"https:\/\/www.compunanny.de\/index.php?rest_route=\/wp\/v2\/pages\/2","targetHints":{"allow":["GET"]}}],"collection":[{"href":"https:\/\/www.compunanny.de\/index.php?rest_route=\/wp\/v2\/pages"}],"about":[{"href":"https:\/\/www.compunanny.de\/index.php?rest_route=\/wp\/v2\/types\/page"}],"author":[{"embeddable":true,"href":"https:\/\/www.compunanny.de\/index.php?rest_route=\/wp\/v2\/users\/1"}],"replies":[{"embeddable":true,"href":"https:\/\/www.compunanny.de\/index.php?rest_route=%2Fwp%2Fv2%2Fcomments&post=2"}],"version-history":[{"count":35,"href":"https:\/\/www.compunanny.de\/index.php?rest_route=\/wp\/v2\/pages\/2\/revisions"}],"predecessor-version":[{"id":189,"href":"https:\/\/www.compunanny.de\/index.php?rest_route=\/wp\/v2\/pages\/2\/revisions\/189"}],"wp:attachment":[{"href":"https:\/\/www.compunanny.de\/index.php?rest_route=%2Fwp%2Fv2%2Fmedia&parent=2"}],"curies":[{"name":"wp","href":"https:\/\/api.w.org\/{rel}","templated":true}]}}